{"id":5652023,"date":"2017-10-18T12:47:35","date_gmt":"2017-10-18T12:47:35","guid":{"rendered":"http:\/\/norebro.colabr.io\/demo8\/?page_id=12928"},"modified":"2021-01-03T14:43:38","modified_gmt":"2021-01-03T14:43:38","slug":"il-progetto","status":"publish","type":"page","link":"https:\/\/www.worldchildren.it\/index.php\/il-progetto\/","title":{"rendered":"Il Progetto"},"content":{"rendered":"[vc_row full_width=&#8221;stretch_row_content_no_spaces&#8221; full_height=&#8221;yes&#8221; css=&#8221;.vc_custom_1508418243723{background-image: url(http:\/\/www.worldchildren.it\/wp-content\/uploads\/2017\/10\/nor_about_ver4-min.jpg?id=12943) !important;background-position: center !important;background-repeat: no-repeat !important;background-size: cover !important;}&#8221;][vc_column]<div class=\"norebro-split-box-sc split-box full-vh\" \nid=\"norebro-custom-6a047f4624e49\" \n>\n\n\t<div class=\"vc_col-md-6 split-box-wrap\">\n\t<div class=\"parallax-bg\"><\/div>\n\t<div class=\"content\">\n\t\t\t<\/div>\n<\/div><div class=\"vc_col-md-6 split-box-wrap\">\n\t<div class=\"parallax-bg\"><\/div>\n\t<div class=\"content\">\n\t\t[vc_row_inner][vc_column_inner][vc_empty_space height=&#8221;90px&#8221; el_class=&#8221;norebro-phone-space&#8221;]<div class=\"norebro-text-sc \" \n\tid=\"norebro-custom-6a047f4625101\" \n\t \n\t>\n\n\t<p>World Children | Bambini del mondo<\/p>\n\t\n<\/div>[vc_empty_space height=&#8221;10px&#8221;]<div class=\"norebro-heading-sc heading text-left\"\n\tid=\"norebro-custom-6a047f46251ba\" \n\t data-aos=\"fade-left\" \n\t data-aos-duration=\"600\">\n\t\n\t\n\t\n\t<h3 class=\"title\">\n\t\tLaboratorio di informazione ed educazione sui temi della condizione dei bambini nel mondo attraverso un percorso di immagini e storytelling.\t<\/h3>\n\n\t\n\t\t\t<p class=\"subtitle\">\n\t\t\t\t\t<\/p>\n\t\t\n<\/div>[\/vc_column_inner][\/vc_row_inner][vc_row_inner][vc_column_inner]<div class=\"norebro-heading-sc heading text-left\"\n\tid=\"norebro-custom-6a047f462527b\" \n\t \n\t>\n\t\n\t\n\t\n\t<h4 class=\"title\">\n\t\tUn progetto ideato e curata da\t<\/h4>\n\n\t\n\t\t\t<p class=\"subtitle\">\n\t\t\tDan Romeo - Fotografo Professionista Umanitario\t\t<\/p>\n\t\t\n<\/div>[vc_empty_space height=&#8221;40px&#8221;]<div class=\"norebro-heading-sc heading text-left\"\n\tid=\"norebro-custom-6a047f46258cc\" \n\t \n\t>\n\t\n\t\n\t\t\t<div class=\"divider\"><\/div>\n\t\n\t<h4 class=\"title\">\n\t\tEdizione 2019 in collaborazione con\t<\/h4>\n\n\t\n\t\t\t<p class=\"subtitle\">\n\t\t\tScuola Barolo Venaria - Opera Barolo\t\t<\/p>\n\t\t\n<\/div>[vc_empty_space height=&#8221;10px&#8221;]<div class=\"norebro-heading-sc heading text-left\"\n\tid=\"norebro-custom-6a047f462597e\" \n\t data-aos=\"fade-left\" \n\t data-aos-duration=\"600\">\n\t\n\t\n\t\n\t<h3 class=\"title\">\n\t\t14 novembre 2019 \/\/ Scuola Barolo Venaria\t<\/h3>\n\n\t\n\t\t\t<p class=\"subtitle\">\n\t\t\t\t\t<\/p>\n\t\t\n<\/div>[\/vc_column_inner][\/vc_row_inner][vc_row_inner][vc_column_inner][vc_empty_space height=&#8221;20px&#8221;]<div class=\"norebro-heading-sc heading text-left\"\n\tid=\"norebro-custom-6a047f4625a20\" \n\t data-aos=\"fade-left\" \n\t data-aos-duration=\"600\">\n\t\n\t\n\t\t\t<div class=\"divider\"><\/div>\n\t\n\t<h3 class=\"title\">\n\t\tI nostri bambini\t<\/h3>\n\n\t\n\t\t\t<p class=\"subtitle\">\n\t\t\t\t\t<\/p>\n\t\t\n<\/div><div class=\"norebro-text-sc \" \n\tid=\"norebro-custom-6a047f4625b96\" \n\t data-aos=\"fade-left\" \n\t data-aos-duration=\"800\">\n\n\t<p class=\"p1\">I bambini dispongono dell\u2019immaginazione, dell\u2019energia e degli ideali necessari per rendere il mondo un luogo migliore per se stessi e per le generazioni future. Hanno il diritto e la responsabilit\u00e0 di farsi sentire e di dare il loro piccolo contributo, ma spesso, nella maggior parte dei casi non hanno la consapevolezza delle cose, non conoscono la realt\u00e0 al di fuori del loro \u00abmondo\u00bb.<\/p>\n<p class=\"p1\">Probabilmente nessuno si \u00e8 mai preso il tempo per spiegare loro come vanno le cose realmente nel mondo, o ancora peggio nessuno ha ancora speso del tempo per farli innamorare della bellezza del nostro mondo e accendere in loro il desiderio di conoscenza e il sogno di contribuire a renderlo migliore.<\/p>\n<p class=\"p1\">Soprattutto per quei 200 milioni di bambini sotto i cinque anni che ancora soffrono di malnutrizione e stenti a tutti i livelli. Bambini come quelli che vorremmo sensibilizzare con questo progetto.<\/p>\n\t\n<\/div>[vc_empty_space height=&#8221;20px&#8221;]<div class=\"norebro-heading-sc heading text-left\"\n\tid=\"norebro-custom-6a047f4625c37\" \n\t data-aos=\"fade-left\" \n\t data-aos-duration=\"600\">\n\t\n\t\n\t\t\t<div class=\"divider\"><\/div>\n\t\n\t<h3 class=\"title\">\n\t\tIl nostro compito di genitori\t<\/h3>\n\n\t\n\t\t\t<p class=\"subtitle\">\n\t\t\t\t\t<\/p>\n\t\t\n<\/div><div class=\"norebro-text-sc \" \n\tid=\"norebro-custom-6a047f4625d02\" \n\t data-aos=\"fade-left\" \n\t data-aos-duration=\"800\">\n\n\t<p class=\"p1\">Il nostro compito come genitori ed educatori \u00e8 impegnativo ma pu\u00f2 fare la differenza per i nostri bambini; pu\u00f2 fare la differenza anche per le persone che ancora soffrono la fame, la mancanza di istruzione, le precarie condizioni igieniche e sanitarie.<\/p>\n<p class=\"p1\">\u00c8 necessario informarli, mettere in comune le conoscenze, incoraggiarne la partecipazione, far loro comprendere che hanno un importante ruolo da svolgere, per far s\u00ec che un mondo \u00abmigliore\u00bb per milioni di bambini come loro, divenga una realt\u00e0.<\/p>\n<p class=\"p1\">Finch\u00e9 si pu\u00f2 educare c\u2019\u00e8 speranza.<\/p>\n\t\n<\/div>[vc_empty_space height=&#8221;20px&#8221;]<div class=\"norebro-heading-sc heading text-left\"\n\tid=\"norebro-custom-6a047f4625d8b\" \n\t data-aos=\"fade-left\" \n\t data-aos-duration=\"600\">\n\t\n\t\n\t\t\t<div class=\"divider\"><\/div>\n\t\n\t<h3 class=\"title\">\n\t\tUn percorso informativo ed educativo per i bambini della Scuola Barolo\t<\/h3>\n\n\t\n\t\t\t<p class=\"subtitle\">\n\t\t\t\t\t<\/p>\n\t\t\n<\/div><div class=\"norebro-text-sc \" \n\tid=\"norebro-custom-6a047f4625e60\" \n\t data-aos=\"fade-left\" \n\t data-aos-duration=\"800\">\n\n\t<p class=\"p1\">Un tema, un viaggio, una missione umanitaria, un territorio. Una narrazione basata su un percorso di immagini e sull\u2019esperienza vissuta sul campo.\u00a0 Uno storytelling che apre alla conoscenza e alla condivisione.<\/p>\n\t\n<\/div>[vc_empty_space height=&#8221;90px&#8221; el_class=&#8221;norebro-phone-space&#8221;][\/vc_column_inner][\/vc_row_inner]\t<\/div>\n<\/div>\t\n\n<\/div>[\/vc_column][\/vc_row]\n","protected":false},"excerpt":{"rendered":"<p>[vc_row full_width=&#8221;stretch_row_content_no_spaces&#8221; full_height=&#8221;yes&#8221; css=&#8221;.vc_custom_1508418243723{background-image: url(http:\/\/www.worldchildren.it\/wp-content\/uploads\/2017\/10\/nor_about_ver4-min.jpg?id=12943) !important;background-position: center !important;background-repeat: no-repeat !important;background-size: cover !important;}&#8221;][vc_column][\/vc_column][\/vc_row]<\/p>\n","protected":false},"author":1,"featured_media":0,"parent":0,"menu_order":0,"comment_status":"closed","ping_status":"closed","template":"","meta":{"_exactmetrics_skip_tracking":false,"_exactmetrics_sitenote_active":false,"_exactmetrics_sitenote_note":"","_exactmetrics_sitenote_category":0,"footnotes":""},"class_list":["post-5652023","page","type-page","status-publish","hentry"],"yoast_head":"<!-- This site is optimized with the Yoast SEO plugin v25.5 - https:\/\/yoast.com\/wordpress\/plugins\/seo\/ -->\n<title>Il Progetto - World Children<\/title>\n<meta name=\"robots\" content=\"index, follow, max-snippet:-1, max-image-preview:large, max-video-preview:-1\" \/>\n<link rel=\"canonical\" href=\"https:\/\/www.worldchildren.it\/index.php\/il-progetto\/\" \/>\n<meta property=\"og:locale\" content=\"en_US\" \/>\n<meta property=\"og:type\" content=\"article\" \/>\n<meta property=\"og:title\" content=\"Il Progetto - World Children\" \/>\n<meta property=\"og:description\" content=\"[vc_row full_width=&#8221;stretch_row_content_no_spaces&#8221; full_height=&#8221;yes&#8221; css=&#8221;.vc_custom_1508418243723{background-image: url(http:\/\/www.worldchildren.it\/wp-content\/uploads\/2017\/10\/nor_about_ver4-min.jpg?id=12943) !important;background-position: center !important;background-repeat: no-repeat !important;background-size: cover !important;}&#8221;][vc_column][\/vc_column][\/vc_row]\" \/>\n<meta property=\"og:url\" content=\"https:\/\/www.worldchildren.it\/index.php\/il-progetto\/\" \/>\n<meta property=\"og:site_name\" content=\"World Children\" \/>\n<meta property=\"article:modified_time\" content=\"2021-01-03T14:43:38+00:00\" \/>\n<meta name=\"twitter:card\" content=\"summary_large_image\" \/>\n<meta name=\"twitter:label1\" content=\"Est. reading time\" \/>\n\t<meta name=\"twitter:data1\" content=\"4 minutes\" \/>\n<script type=\"application\/ld+json\" class=\"yoast-schema-graph\">{\"@context\":\"https:\/\/schema.org\",\"@graph\":[{\"@type\":\"WebPage\",\"@id\":\"https:\/\/www.worldchildren.it\/index.php\/il-progetto\/\",\"url\":\"https:\/\/www.worldchildren.it\/index.php\/il-progetto\/\",\"name\":\"Il Progetto - World Children\",\"isPartOf\":{\"@id\":\"https:\/\/www.worldchildren.it\/#website\"},\"datePublished\":\"2017-10-18T12:47:35+00:00\",\"dateModified\":\"2021-01-03T14:43:38+00:00\",\"breadcrumb\":{\"@id\":\"https:\/\/www.worldchildren.it\/index.php\/il-progetto\/#breadcrumb\"},\"inLanguage\":\"en-US\",\"potentialAction\":[{\"@type\":\"ReadAction\",\"target\":[\"https:\/\/www.worldchildren.it\/index.php\/il-progetto\/\"]}]},{\"@type\":\"BreadcrumbList\",\"@id\":\"https:\/\/www.worldchildren.it\/index.php\/il-progetto\/#breadcrumb\",\"itemListElement\":[{\"@type\":\"ListItem\",\"position\":1,\"name\":\"Home\",\"item\":\"https:\/\/www.worldchildren.it\/\"},{\"@type\":\"ListItem\",\"position\":2,\"name\":\"Il Progetto\"}]},{\"@type\":\"WebSite\",\"@id\":\"https:\/\/www.worldchildren.it\/#website\",\"url\":\"https:\/\/www.worldchildren.it\/\",\"name\":\"World Children\",\"description\":\"World Children - Bambini del Mondo\",\"potentialAction\":[{\"@type\":\"SearchAction\",\"target\":{\"@type\":\"EntryPoint\",\"urlTemplate\":\"https:\/\/www.worldchildren.it\/?s={search_term_string}\"},\"query-input\":{\"@type\":\"PropertyValueSpecification\",\"valueRequired\":true,\"valueName\":\"search_term_string\"}}],\"inLanguage\":\"en-US\"}]}<\/script>\n<!-- \/ Yoast SEO plugin. -->","yoast_head_json":{"title":"Il Progetto - World Children","robots":{"index":"index","follow":"follow","max-snippet":"max-snippet:-1","max-image-preview":"max-image-preview:large","max-video-preview":"max-video-preview:-1"},"canonical":"https:\/\/www.worldchildren.it\/index.php\/il-progetto\/","og_locale":"en_US","og_type":"article","og_title":"Il Progetto - World Children","og_description":"[vc_row full_width=&#8221;stretch_row_content_no_spaces&#8221; full_height=&#8221;yes&#8221; css=&#8221;.vc_custom_1508418243723{background-image: url(http:\/\/www.worldchildren.it\/wp-content\/uploads\/2017\/10\/nor_about_ver4-min.jpg?id=12943) !important;background-position: center !important;background-repeat: no-repeat !important;background-size: cover !important;}&#8221;][vc_column][\/vc_column][\/vc_row]","og_url":"https:\/\/www.worldchildren.it\/index.php\/il-progetto\/","og_site_name":"World Children","article_modified_time":"2021-01-03T14:43:38+00:00","twitter_card":"summary_large_image","twitter_misc":{"Est. reading time":"4 minutes"},"schema":{"@context":"https:\/\/schema.org","@graph":[{"@type":"WebPage","@id":"https:\/\/www.worldchildren.it\/index.php\/il-progetto\/","url":"https:\/\/www.worldchildren.it\/index.php\/il-progetto\/","name":"Il Progetto - World Children","isPartOf":{"@id":"https:\/\/www.worldchildren.it\/#website"},"datePublished":"2017-10-18T12:47:35+00:00","dateModified":"2021-01-03T14:43:38+00:00","breadcrumb":{"@id":"https:\/\/www.worldchildren.it\/index.php\/il-progetto\/#breadcrumb"},"inLanguage":"en-US","potentialAction":[{"@type":"ReadAction","target":["https:\/\/www.worldchildren.it\/index.php\/il-progetto\/"]}]},{"@type":"BreadcrumbList","@id":"https:\/\/www.worldchildren.it\/index.php\/il-progetto\/#breadcrumb","itemListElement":[{"@type":"ListItem","position":1,"name":"Home","item":"https:\/\/www.worldchildren.it\/"},{"@type":"ListItem","position":2,"name":"Il Progetto"}]},{"@type":"WebSite","@id":"https:\/\/www.worldchildren.it\/#website","url":"https:\/\/www.worldchildren.it\/","name":"World Children","description":"World Children - Bambini del Mondo","potentialAction":[{"@type":"SearchAction","target":{"@type":"EntryPoint","urlTemplate":"https:\/\/www.worldchildren.it\/?s={search_term_string}"},"query-input":{"@type":"PropertyValueSpecification","valueRequired":true,"valueName":"search_term_string"}}],"inLanguage":"en-US"}]}},"_links":{"self":[{"href":"https:\/\/www.worldchildren.it\/index.php\/wp-json\/wp\/v2\/pages\/5652023","targetHints":{"allow":["GET"]}}],"collection":[{"href":"https:\/\/www.worldchildren.it\/index.php\/wp-json\/wp\/v2\/pages"}],"about":[{"href":"https:\/\/www.worldchildren.it\/index.php\/wp-json\/wp\/v2\/types\/page"}],"author":[{"embeddable":true,"href":"https:\/\/www.worldchildren.it\/index.php\/wp-json\/wp\/v2\/users\/1"}],"replies":[{"embeddable":true,"href":"https:\/\/www.worldchildren.it\/index.php\/wp-json\/wp\/v2\/comments?post=5652023"}],"version-history":[{"count":46,"href":"https:\/\/www.worldchildren.it\/index.php\/wp-json\/wp\/v2\/pages\/5652023\/revisions"}],"predecessor-version":[{"id":5657304,"href":"https:\/\/www.worldchildren.it\/index.php\/wp-json\/wp\/v2\/pages\/5652023\/revisions\/5657304"}],"wp:attachment":[{"href":"https:\/\/www.worldchildren.it\/index.php\/wp-json\/wp\/v2\/media?parent=5652023"}],"curies":[{"name":"wp","href":"https:\/\/api.w.org\/{rel}","templated":true}]}}